{"id":7634,"date":"2022-02-07T04:48:50","date_gmt":"2022-02-07T04:48:50","guid":{"rendered":"https:\/\/k1bkm.com\/?page_id=7634"},"modified":"2023-06-16T17:09:10","modified_gmt":"2023-06-16T22:09:10","slug":"testimonials","status":"publish","type":"page","link":"https:\/\/k1bkm.com\/es\/testimonials\/","title":{"rendered":"Testimonios"},"content":{"rendered":"<div data-elementor-type=\"wp-page\" data-elementor-id=\"7634\" class=\"elementor elementor-7634\" data-elementor-post-type=\"page\">\n\t\t\t\t\t\t<section class=\"elementor-section elementor-top-section elementor-element elementor-element-2099243 elementor-section-full_width elementor-section-stretched elementor-section-height-default elementor-section-height-default\" data-id=\"2099243\" data-element_type=\"section\" data-e-type=\"section\" data-settings=\"{&quot;stretch_section&quot;:&quot;section-stretched&quot;,&quot;background_background&quot;:&quot;classic&quot;}\">\n\t\t\t\t\t\t\t<div class=\"elementor-background-overlay\"><\/div>\n\t\t\t\t\t\t\t<div class=\"elementor-container elementor-column-gap-default\">\n\t\t\t\t\t<div class=\"elementor-column elementor-col-100 elementor-top-column elementor-element elementor-element-eda74c7\" data-id=\"eda74c7\" data-element_type=\"column\" data-e-type=\"column\">\n\t\t\t<div class=\"elementor-widget-wrap elementor-element-populated\">\n\t\t\t\t\t\t<section class=\"elementor-section elementor-inner-section elementor-element elementor-element-ea7fae4 elementor-section-boxed elementor-section-height-default elementor-section-height-default rt-parallax-bg-no\" data-id=\"ea7fae4\" data-element_type=\"section\" data-e-type=\"section\">\n\t\t\t\t\t\t<div class=\"elementor-container elementor-column-gap-default\">\n\t\t\t\t\t<div class=\"elementor-column elementor-col-100 elementor-inner-column elementor-element elementor-element-debed3b\" data-id=\"debed3b\" data-element_type=\"column\" data-e-type=\"column\">\n\t\t\t<div class=\"elementor-widget-wrap elementor-element-populated\">\n\t\t\t\t\t\t<div class=\"elementor-element elementor-element-cba545f elementor-widget elementor-widget-rt-text-with-button\" data-id=\"cba545f\" data-element_type=\"widget\" data-e-type=\"widget\" data-widget_type=\"rt-text-with-button.default\">\n\t\t\t\t<div class=\"elementor-widget-container\">\n\t\t\t\t\t<div class=\"title-text-button barshow text-style1\">\r\n\t\r\n\t\t<div class=\"subtitle style2\">NUESTROS TESTIMONIOS\t\t<span class=\"title-bar1\"><\/span><span class=\"title-bar2\"><\/span>\t<\/div>\r\n\t\t\t\t<h2 class=\"section-title\">Nos alegra mucho saber que nuestro <br> Opiniones de clientes<\/h2>\t\t\r\n\t<div class=\"section-content\"><p>Nuestra agencia s\u00f3lo puede ser tan fuerte como nuestra gente haya dirigido sus negocios.<\/p><\/div>\r\n\t<\/div>\t\t\t\t<\/div>\n\t\t\t\t<\/div>\n\t\t\t\t\t<\/div>\n\t\t<\/div>\n\t\t\t\t\t<\/div>\n\t\t<\/section>\n\t\t\t\t<div class=\"elementor-element elementor-element-5292988 elementor-widget__width-auto elementor-absolute elementor-hidden-tablet elementor-hidden-mobile elementor-widget elementor-widget-image\" data-id=\"5292988\" data-element_type=\"widget\" data-e-type=\"widget\" data-settings=\"{&quot;_position&quot;:&quot;absolute&quot;}\" data-widget_type=\"image.default\">\n\t\t\t\t<div class=\"elementor-widget-container\">\n\t\t\t\t\t\t\t\t\t\t\t\t\t\t\t<img alt=\"\" fetchpriority=\"high\" decoding=\"async\" width=\"476\" height=\"498\" src=\"https:\/\/k1bkm.com\/wp-content\/uploads\/2022\/01\/shape8.png\" class=\"attachment-full size-full wp-image-6719\" srcset=\"https:\/\/k1bkm.com\/wp-content\/uploads\/2022\/01\/shape8.png 476w, https:\/\/k1bkm.com\/wp-content\/uploads\/2022\/01\/shape8-150x157.png 150w, https:\/\/k1bkm.com\/wp-content\/uploads\/2022\/01\/shape8-287x300.png 287w\" sizes=\"(max-width: 476px) 100vw, 476px\" \/>\t\t\t\t\t\t\t\t\t\t\t\t\t\t\t<\/div>\n\t\t\t\t<\/div>\n\t\t\t\t<div class=\"elementor-element elementor-element-2c8a1b6 elementor-widget__width-auto elementor-absolute elementor-hidden-tablet elementor-hidden-mobile elementor-widget elementor-widget-image\" data-id=\"2c8a1b6\" data-element_type=\"widget\" data-e-type=\"widget\" data-settings=\"{&quot;_position&quot;:&quot;absolute&quot;}\" data-widget_type=\"image.default\">\n\t\t\t\t<div class=\"elementor-widget-container\">\n\t\t\t\t\t\t\t\t\t\t\t\t\t\t\t<img alt=\"\" decoding=\"async\" width=\"345\" height=\"224\" src=\"https:\/\/k1bkm.com\/wp-content\/uploads\/2022\/01\/shape7.png\" class=\"attachment-full size-full wp-image-6720\" srcset=\"https:\/\/k1bkm.com\/wp-content\/uploads\/2022\/01\/shape7.png 345w, https:\/\/k1bkm.com\/wp-content\/uploads\/2022\/01\/shape7-155x101.png 155w, https:\/\/k1bkm.com\/wp-content\/uploads\/2022\/01\/shape7-300x195.png 300w\" sizes=\"(max-width: 345px) 100vw, 345px\" \/>\t\t\t\t\t\t\t\t\t\t\t\t\t\t\t<\/div>\n\t\t\t\t<\/div>\n\t\t\t\t\t<\/div>\n\t\t<\/div>\n\t\t\t\t\t<\/div>\n\t\t<\/section>\n\t\t\t\t<section class=\"elementor-section elementor-top-section elementor-element elementor-element-ff2038f elementor-section-full_width elementor-section-stretched elementor-section-height-default elementor-section-height-default rt-parallax-bg-no\" data-id=\"ff2038f\" data-element_type=\"section\" data-e-type=\"section\" data-settings=\"{&quot;stretch_section&quot;:&quot;section-stretched&quot;,&quot;background_background&quot;:&quot;classic&quot;}\">\n\t\t\t\t\t\t<div class=\"elementor-container elementor-column-gap-default\">\n\t\t\t\t\t<div class=\"elementor-column elementor-col-100 elementor-top-column elementor-element elementor-element-d62e110\" data-id=\"d62e110\" data-element_type=\"column\" data-e-type=\"column\">\n\t\t\t<div class=\"elementor-widget-wrap elementor-element-populated\">\n\t\t\t\t\t\t<div class=\"elementor-element elementor-element-28e2155 elementor-widget__width-auto elementor-absolute elementor-hidden-tablet elementor-hidden-mobile elementor-widget elementor-widget-image\" data-id=\"28e2155\" data-element_type=\"widget\" data-e-type=\"widget\" data-settings=\"{&quot;_position&quot;:&quot;absolute&quot;}\" data-widget_type=\"image.default\">\n\t\t\t\t<div class=\"elementor-widget-container\">\n\t\t\t\t\t\t\t\t\t\t\t\t\t\t\t<img alt=\"\" decoding=\"async\" width=\"730\" height=\"359\" src=\"https:\/\/k1bkm.com\/wp-content\/uploads\/2022\/01\/shape6.png\" class=\"attachment-full size-full wp-image-6721\" srcset=\"https:\/\/k1bkm.com\/wp-content\/uploads\/2022\/01\/shape6.png 730w, https:\/\/k1bkm.com\/wp-content\/uploads\/2022\/01\/shape6-155x76.png 155w, https:\/\/k1bkm.com\/wp-content\/uploads\/2022\/01\/shape6-600x295.png 600w, https:\/\/k1bkm.com\/wp-content\/uploads\/2022\/01\/shape6-300x148.png 300w\" sizes=\"(max-width: 730px) 100vw, 730px\" \/>\t\t\t\t\t\t\t\t\t\t\t\t\t\t\t<\/div>\n\t\t\t\t<\/div>\n\t\t\t\t<div class=\"elementor-element elementor-element-fb18c67 elementor-widget__width-auto elementor-absolute elementor-hidden-tablet elementor-hidden-mobile elementor-widget elementor-widget-image\" data-id=\"fb18c67\" data-element_type=\"widget\" data-e-type=\"widget\" data-settings=\"{&quot;_position&quot;:&quot;absolute&quot;}\" data-widget_type=\"image.default\">\n\t\t\t\t<div class=\"elementor-widget-container\">\n\t\t\t\t\t\t\t\t\t\t\t\t\t\t\t<img alt=\"\" loading=\"lazy\" decoding=\"async\" width=\"730\" height=\"359\" src=\"https:\/\/k1bkm.com\/wp-content\/uploads\/2022\/01\/shape9.png\" class=\"attachment-full size-full wp-image-6722\" srcset=\"https:\/\/k1bkm.com\/wp-content\/uploads\/2022\/01\/shape9.png 730w, https:\/\/k1bkm.com\/wp-content\/uploads\/2022\/01\/shape9-155x76.png 155w, https:\/\/k1bkm.com\/wp-content\/uploads\/2022\/01\/shape9-600x295.png 600w, https:\/\/k1bkm.com\/wp-content\/uploads\/2022\/01\/shape9-300x148.png 300w\" sizes=\"(max-width: 730px) 100vw, 730px\" \/>\t\t\t\t\t\t\t\t\t\t\t\t\t\t\t<\/div>\n\t\t\t\t<\/div>\n\t\t\t\t\t<\/div>\n\t\t<\/div>\n\t\t\t\t\t<\/div>\n\t\t<\/section>\n\t\t\t\t<section class=\"elementor-section elementor-top-section elementor-element elementor-element-7d6130d elementor-section-boxed elementor-section-height-default elementor-section-height-default rt-parallax-bg-no\" data-id=\"7d6130d\" data-element_type=\"section\" data-e-type=\"section\">\n\t\t\t\t\t\t<div class=\"elementor-container elementor-column-gap-default\">\n\t\t\t\t\t<div class=\"elementor-column elementor-col-100 elementor-top-column elementor-element elementor-element-944aa00\" data-id=\"944aa00\" data-element_type=\"column\" data-e-type=\"column\">\n\t\t\t<div class=\"elementor-widget-wrap elementor-element-populated\">\n\t\t\t\t\t\t\t<\/div>\n\t\t<\/div>\n\t\t\t\t\t<\/div>\n\t\t<\/section>\n\t\t\t\t<\/div>","protected":false},"excerpt":{"rendered":"<p>OUR TESTIMONIALS We are Very Glad to Know Our Client Reviews Our agency can only be as strong as our people have run their businesses. Rating5.0Based on 13 ReviewsWrite a Review google 5.0 Excelente servicio y atenci\u00f3n, responsables y s\u00faper amables yo les dar\u00eda m\u00e1s estrellas si pudiera. galdys diaz 8 de September de 2022 [&hellip;]<\/p>\n","protected":false},"author":1,"featured_media":0,"parent":0,"menu_order":0,"comment_status":"closed","ping_status":"closed","template":"elementor_header_footer","meta":{"_seopress_robots_primary_cat":"","_seopress_titles_title":"","_seopress_titles_desc":"","_seopress_robots_index":"","footnotes":""},"class_list":["post-7634","page","type-page","status-publish","hentry"],"_links":{"self":[{"href":"https:\/\/k1bkm.com\/es\/wp-json\/wp\/v2\/pages\/7634","targetHints":{"allow":["GET"]}}],"collection":[{"href":"https:\/\/k1bkm.com\/es\/wp-json\/wp\/v2\/pages"}],"about":[{"href":"https:\/\/k1bkm.com\/es\/wp-json\/wp\/v2\/types\/page"}],"author":[{"embeddable":true,"href":"https:\/\/k1bkm.com\/es\/wp-json\/wp\/v2\/users\/1"}],"replies":[{"embeddable":true,"href":"https:\/\/k1bkm.com\/es\/wp-json\/wp\/v2\/comments?post=7634"}],"version-history":[{"count":42,"href":"https:\/\/k1bkm.com\/es\/wp-json\/wp\/v2\/pages\/7634\/revisions"}],"predecessor-version":[{"id":8708,"href":"https:\/\/k1bkm.com\/es\/wp-json\/wp\/v2\/pages\/7634\/revisions\/8708"}],"wp:attachment":[{"href":"https:\/\/k1bkm.com\/es\/wp-json\/wp\/v2\/media?parent=7634"}],"curies":[{"name":"wp","href":"https:\/\/api.w.org\/{rel}","templated":true}]}}