{"id":7545,"date":"2022-02-04T11:40:18","date_gmt":"2022-02-04T11:40:18","guid":{"rendered":"https:\/\/k1bkm.com\/?page_id=7545"},"modified":"2023-02-02T13:08:19","modified_gmt":"2023-02-02T19:08:19","slug":"services","status":"publish","type":"page","link":"https:\/\/k1bkm.com\/es\/services\/","title":{"rendered":"Servicios"},"content":{"rendered":"<div data-elementor-type=\"wp-page\" data-elementor-id=\"7545\" class=\"elementor elementor-7545\" data-elementor-post-type=\"page\">\n\t\t\t\t\t\t<section class=\"elementor-section elementor-top-section elementor-element elementor-element-5059f1e elementor-section-boxed elementor-section-height-default elementor-section-height-default rt-parallax-bg-no\" data-id=\"5059f1e\" data-element_type=\"section\" data-e-type=\"section\" data-settings=\"{&quot;background_background&quot;:&quot;classic&quot;}\">\n\t\t\t\t\t\t<div class=\"elementor-container elementor-column-gap-default\">\n\t\t\t\t\t<div class=\"elementor-column elementor-col-100 elementor-top-column elementor-element elementor-element-175f54b\" data-id=\"175f54b\" data-element_type=\"column\" data-e-type=\"column\">\n\t\t\t<div class=\"elementor-widget-wrap elementor-element-populated\">\n\t\t\t\t\t\t<section class=\"elementor-section elementor-inner-section elementor-element elementor-element-a4c5d3c elementor-section-boxed elementor-section-height-default elementor-section-height-default rt-parallax-bg-no\" data-id=\"a4c5d3c\" data-element_type=\"section\" data-e-type=\"section\">\n\t\t\t\t\t\t<div class=\"elementor-container elementor-column-gap-default\">\n\t\t\t\t\t<div class=\"elementor-column elementor-col-50 elementor-inner-column elementor-element elementor-element-f0e76a8\" data-id=\"f0e76a8\" data-element_type=\"column\" data-e-type=\"column\">\n\t\t\t<div class=\"elementor-widget-wrap elementor-element-populated\">\n\t\t\t\t\t\t<div class=\"elementor-element elementor-element-4f89843 elementor-widget elementor-widget-rt-text-with-button\" data-id=\"4f89843\" data-element_type=\"widget\" data-e-type=\"widget\" data-widget_type=\"rt-text-with-button.default\">\n\t\t\t\t<div class=\"elementor-widget-container\">\n\t\t\t\t\t<div class=\"title-text-button barshow text-style1\">\r\n\t\r\n\t\t<div class=\"subtitle style2\">Qu\u00e9 hacemos\t\t<span class=\"title-bar1\"><\/span><span class=\"title-bar2\"><\/span>\t<\/div>\r\n\t\t\t\t<h2 class=\"section-title\">Qu\u00e9 servicios prestamos a nuestros clientes<\/h2>\t\t\r\n\t<div class=\"section-content\"><\/div>\r\n\t<\/div>\t\t\t\t<\/div>\n\t\t\t\t<\/div>\n\t\t\t\t\t<\/div>\n\t\t<\/div>\n\t\t\t\t<div class=\"elementor-column elementor-col-50 elementor-inner-column elementor-element elementor-element-707b279\" data-id=\"707b279\" data-element_type=\"column\" data-e-type=\"column\">\n\t\t\t<div class=\"elementor-widget-wrap elementor-element-populated\">\n\t\t\t\t\t\t<div class=\"elementor-element elementor-element-0f80ca6 elementor-widget elementor-widget-text-editor\" data-id=\"0f80ca6\" data-element_type=\"widget\" data-e-type=\"widget\" data-widget_type=\"text-editor.default\">\n\t\t\t\t<div class=\"elementor-widget-container\">\n\t\t\t\t\t\t\t\t\t<p style=\"background-image: initial; background-position: initial; background-size: initial; background-repeat: initial; background-attachment: initial; background-origin: initial; background-clip: initial;\">Ofrece excelentes servicios de contabilidad virtual a empresarios y peque\u00f1as empresas de todo Estados Unidos. Y asegurarse de que sus servicios sean asequibles es tambi\u00e9n un componente clave a la hora de trabajar con otros propietarios de peque\u00f1as empresas.<\/p>\t\t\t\t\t\t\t\t<\/div>\n\t\t\t\t<\/div>\n\t\t\t\t\t<\/div>\n\t\t<\/div>\n\t\t\t\t\t<\/div>\n\t\t<\/section>\n\t\t\t\t<section class=\"elementor-section elementor-inner-section elementor-element elementor-element-92ba6bd elementor-section-boxed elementor-section-height-default elementor-section-height-default rt-parallax-bg-no\" data-id=\"92ba6bd\" data-element_type=\"section\" data-e-type=\"section\">\n\t\t\t\t\t\t<div class=\"elementor-container elementor-column-gap-default\">\n\t\t\t\t\t<div class=\"elementor-column elementor-col-100 elementor-inner-column elementor-element elementor-element-2dd36d6\" data-id=\"2dd36d6\" data-element_type=\"column\" data-e-type=\"column\">\n\t\t\t<div class=\"elementor-widget-wrap elementor-element-populated\">\n\t\t\t\t\t\t<div class=\"elementor-element elementor-element-a6218e3 elementor-invisible elementor-widget elementor-widget-rt-service\" data-id=\"a6218e3\" data-element_type=\"widget\" data-e-type=\"widget\" data-widget_type=\"rt-service.default\">\n\t\t\t\t<div class=\"elementor-widget-container\">\n\t\t\t\t\t<div class=\"service-default service-layout4 service-grid-layout4\">\r\n\t<div class=\"row\">\t\r\n\t\t\t\t<div class=\"col-xl-4 col-lg-4 col-md-6 col-sm-12 col-12\">\r\n\t\t\t<div class=\"service-item rt-animate wow fadeInUp\" data-wow-delay=\"0.2s\" data-wow-duration=\"0.8s\">\r\n\t\t\t\t<div class=\"service-box-content\">\r\n\t\t\t\t\t<div class=\"service-figure\" >\r\n                        <img fetchpriority=\"high\" decoding=\"async\" width=\"570\" height=\"447\" src=\"https:\/\/k1bkm.com\/wp-content\/uploads\/2021\/10\/I-25-570x447.webp\" class=\"img-fluid  width-100 wp-post-image\" alt=\"\" \/>\t\t\t\t\t<\/div>\r\n                    <div class=\"service-content\">\r\n                                                                                                                    <div class=\"service-img-wrap\">\r\n                                                                            <div class=\"service-hover-img\">\r\n                                        <span><img decoding=\"async\" width=\"78\" height=\"94\" src=\"https:\/\/k1bkm.com\/wp-content\/uploads\/2021\/10\/Mapa-de-bits-5.png\" class=\"attachment-thumbnail size-thumbnail\" alt=\"\" \/><\/span>\r\n                                        <\/div>\r\n                                    \t\r\n                                <\/div>\r\n                                                                                                            <div class=\"service-info\">\r\n                            <h3 class=\"service-title\"><a href=\"https:\/\/k1bkm.com\/es\/service\/personal-and-business\/\" target=\"_blank\">Personal y empresarial<\/a><\/h3>\r\n                                                            <p>Servicios fiscales M\u00faltiples servicios para particulares y empresas Nuestra<\/p>\r\n                                                                                            <a class=\"btn-style7\" href=\"https:\/\/k1bkm.com\/es\/service\/personal-and-business\/\" target=\"_blank\">READ MORE                                        <svg xmlns=\"http:\/\/www.w3.org\/2000\/svg\" width=\"24px\" height=\"24px\" viewbox=\"0 0 24 24\">\r\n\t\t<path fill=\"#FA360A\" d=\"M11.998 23.997c-6.617 0-11.999-5.383-11.999-11.999 0-6.616 5.382-11.999 11.999-11.999 6.616 0 11.999 5.383 11.999 11.999 0 6.616-5.383 11.999-11.999 11.999Zm0-21.816c-5.414 0-9.818 4.404-9.818 9.817 0 5.414 4.404 9.817 9.818 9.817 5.413 0 9.817-4.403 9.817-9.817 0-5.413-4.404-9.817-9.817-9.817Zm5.37 10.234a1.11 1.11 0 0 1-.237.355l-4.362 4.362c-.213.214-.492.32-.771.32a1.09 1.09 0 0 1-.772-1.862l2.502-2.501H7.634a1.092 1.092 0 0 1 0-2.182h6.094l-2.502-2.501a1.091 1.091 0 0 1 1.543-1.543l4.362 4.363a1.095 1.095 0 0 1 .237 1.189Z\" \/>\r\n\t\t<\/svg>                                    <\/a>\r\n                                                    <\/div>\r\n\t\t\t\t\t<\/div>\r\n\t\t\t\t<\/div>\r\n\t\t\t<\/div>\r\n\t\t<\/div>\r\n\t\t\t\t<div class=\"col-xl-4 col-lg-4 col-md-6 col-sm-12 col-12\">\r\n\t\t\t<div class=\"service-item rt-animate wow fadeInUp\" data-wow-delay=\"0.4s\" data-wow-duration=\"0.8s\">\r\n\t\t\t\t<div class=\"service-box-content\">\r\n\t\t\t\t\t<div class=\"service-figure\" >\r\n                        <img decoding=\"async\" width=\"550\" height=\"447\" src=\"https:\/\/k1bkm.com\/wp-content\/uploads\/2021\/10\/I-26-550x447.webp\" class=\"img-fluid  width-100 wp-post-image\" alt=\"\" \/>\t\t\t\t\t<\/div>\r\n                    <div class=\"service-content\">\r\n                                                                                                                    <div class=\"service-img-wrap\">\r\n                                                                            <div class=\"service-hover-img\">\r\n                                        <span><img loading=\"lazy\" decoding=\"async\" width=\"72\" height=\"74\" src=\"https:\/\/k1bkm.com\/wp-content\/uploads\/2021\/10\/FINANCIAL-ADVICE-3.svg\" class=\"attachment-thumbnail size-thumbnail\" alt=\"\" \/><\/span>\r\n                                        <\/div>\r\n                                    \t\r\n                                <\/div>\r\n                                                                                                            <div class=\"service-info\">\r\n                            <h3 class=\"service-title\"><a href=\"https:\/\/k1bkm.com\/es\/service\/full-service-bookkeeping\/\" target=\"_blank\">Servicio completo de contabilidad<\/a><\/h3>\r\n                                                            <p>Servicios de contabilidad El proceso de llevar registros financieros<\/p>\r\n                                                                                            <a class=\"btn-style7\" href=\"https:\/\/k1bkm.com\/es\/service\/full-service-bookkeeping\/\" target=\"_blank\">READ MORE                                        <svg xmlns=\"http:\/\/www.w3.org\/2000\/svg\" width=\"24px\" height=\"24px\" viewbox=\"0 0 24 24\">\r\n\t\t<path fill=\"#FA360A\" d=\"M11.998 23.997c-6.617 0-11.999-5.383-11.999-11.999 0-6.616 5.382-11.999 11.999-11.999 6.616 0 11.999 5.383 11.999 11.999 0 6.616-5.383 11.999-11.999 11.999Zm0-21.816c-5.414 0-9.818 4.404-9.818 9.817 0 5.414 4.404 9.817 9.818 9.817 5.413 0 9.817-4.403 9.817-9.817 0-5.413-4.404-9.817-9.817-9.817Zm5.37 10.234a1.11 1.11 0 0 1-.237.355l-4.362 4.362c-.213.214-.492.32-.771.32a1.09 1.09 0 0 1-.772-1.862l2.502-2.501H7.634a1.092 1.092 0 0 1 0-2.182h6.094l-2.502-2.501a1.091 1.091 0 0 1 1.543-1.543l4.362 4.363a1.095 1.095 0 0 1 .237 1.189Z\" \/>\r\n\t\t<\/svg>                                    <\/a>\r\n                                                    <\/div>\r\n\t\t\t\t\t<\/div>\r\n\t\t\t\t<\/div>\r\n\t\t\t<\/div>\r\n\t\t<\/div>\r\n\t\t\t\t<div class=\"col-xl-4 col-lg-4 col-md-6 col-sm-12 col-12\">\r\n\t\t\t<div class=\"service-item rt-animate wow fadeInUp\" data-wow-delay=\"0.6s\" data-wow-duration=\"0.8s\">\r\n\t\t\t\t<div class=\"service-box-content\">\r\n\t\t\t\t\t<div class=\"service-figure\" >\r\n                        <img loading=\"lazy\" decoding=\"async\" width=\"550\" height=\"447\" src=\"https:\/\/k1bkm.com\/wp-content\/uploads\/2021\/10\/I-27-550x447.jpg\" class=\"img-fluid  width-100 wp-post-image\" alt=\"\" \/>\t\t\t\t\t<\/div>\r\n                    <div class=\"service-content\">\r\n                                                                                                                    <div class=\"service-img-wrap\">\r\n                                                                            <div class=\"service-hover-img\">\r\n                                        <span><img loading=\"lazy\" decoding=\"async\" width=\"71\" height=\"79\" src=\"https:\/\/k1bkm.com\/wp-content\/uploads\/2021\/10\/Saving-Money-1.svg\" class=\"attachment-thumbnail size-thumbnail\" alt=\"\" \/><\/span>\r\n                                        <\/div>\r\n                                    \t\r\n                                <\/div>\r\n                                                                                                            <div class=\"service-info\">\r\n                            <h3 class=\"service-title\"><a href=\"https:\/\/k1bkm.com\/es\/service\/payroll\/\" target=\"_blank\">N\u00f3mina<\/a><\/h3>\r\n                                                            <p>Por t\u00e9rmino medio, los propietarios de peque\u00f1as empresas dedican ocho horas al d\u00eda a<\/p>\r\n                                                                                            <a class=\"btn-style7\" href=\"https:\/\/k1bkm.com\/es\/service\/payroll\/\" target=\"_blank\">READ MORE                                        <svg xmlns=\"http:\/\/www.w3.org\/2000\/svg\" width=\"24px\" height=\"24px\" viewbox=\"0 0 24 24\">\r\n\t\t<path fill=\"#FA360A\" d=\"M11.998 23.997c-6.617 0-11.999-5.383-11.999-11.999 0-6.616 5.382-11.999 11.999-11.999 6.616 0 11.999 5.383 11.999 11.999 0 6.616-5.383 11.999-11.999 11.999Zm0-21.816c-5.414 0-9.818 4.404-9.818 9.817 0 5.414 4.404 9.817 9.818 9.817 5.413 0 9.817-4.403 9.817-9.817 0-5.413-4.404-9.817-9.817-9.817Zm5.37 10.234a1.11 1.11 0 0 1-.237.355l-4.362 4.362c-.213.214-.492.32-.771.32a1.09 1.09 0 0 1-.772-1.862l2.502-2.501H7.634a1.092 1.092 0 0 1 0-2.182h6.094l-2.502-2.501a1.091 1.091 0 0 1 1.543-1.543l4.362 4.363a1.095 1.095 0 0 1 .237 1.189Z\" \/>\r\n\t\t<\/svg>                                    <\/a>\r\n                                                    <\/div>\r\n\t\t\t\t\t<\/div>\r\n\t\t\t\t<\/div>\r\n\t\t\t<\/div>\r\n\t\t<\/div>\r\n\t\t\t\t<div class=\"col-xl-4 col-lg-4 col-md-6 col-sm-12 col-12\">\r\n\t\t\t<div class=\"service-item rt-animate wow fadeInUp\" data-wow-delay=\"0.8s\" data-wow-duration=\"0.8s\">\r\n\t\t\t\t<div class=\"service-box-content\">\r\n\t\t\t\t\t<div class=\"service-figure\" >\r\n                        <img loading=\"lazy\" decoding=\"async\" width=\"550\" height=\"447\" src=\"https:\/\/k1bkm.com\/wp-content\/uploads\/2021\/10\/I-28-550x447.jpg\" class=\"img-fluid  width-100 wp-post-image\" alt=\"\" \/>\t\t\t\t\t<\/div>\r\n                    <div class=\"service-content\">\r\n                                                                                                                    <div class=\"service-img-wrap\">\r\n                                                                            <div class=\"service-hover-img\">\r\n                                        <span><img loading=\"lazy\" decoding=\"async\" width=\"70\" height=\"70\" src=\"https:\/\/k1bkm.com\/wp-content\/uploads\/2021\/10\/Corporate-Finance-1-1.svg\" class=\"attachment-thumbnail size-thumbnail\" alt=\"\" \/><\/span>\r\n                                        <\/div>\r\n                                    \t\r\n                                <\/div>\r\n                                                                                                            <div class=\"service-info\">\r\n                            <h3 class=\"service-title\"><a href=\"https:\/\/k1bkm.com\/es\/service\/services-for-individuals\/\" target=\"_blank\">Servicios para particulares<\/a><\/h3>\r\n                                                            <p>Como asesores de confianza Evaluamos su fiscalidad individual<\/p>\r\n                                                                                            <a class=\"btn-style7\" href=\"https:\/\/k1bkm.com\/es\/service\/services-for-individuals\/\" target=\"_blank\">READ MORE                                        <svg xmlns=\"http:\/\/www.w3.org\/2000\/svg\" width=\"24px\" height=\"24px\" viewbox=\"0 0 24 24\">\r\n\t\t<path fill=\"#FA360A\" d=\"M11.998 23.997c-6.617 0-11.999-5.383-11.999-11.999 0-6.616 5.382-11.999 11.999-11.999 6.616 0 11.999 5.383 11.999 11.999 0 6.616-5.383 11.999-11.999 11.999Zm0-21.816c-5.414 0-9.818 4.404-9.818 9.817 0 5.414 4.404 9.817 9.818 9.817 5.413 0 9.817-4.403 9.817-9.817 0-5.413-4.404-9.817-9.817-9.817Zm5.37 10.234a1.11 1.11 0 0 1-.237.355l-4.362 4.362c-.213.214-.492.32-.771.32a1.09 1.09 0 0 1-.772-1.862l2.502-2.501H7.634a1.092 1.092 0 0 1 0-2.182h6.094l-2.502-2.501a1.091 1.091 0 0 1 1.543-1.543l4.362 4.363a1.095 1.095 0 0 1 .237 1.189Z\" \/>\r\n\t\t<\/svg>                                    <\/a>\r\n                                                    <\/div>\r\n\t\t\t\t\t<\/div>\r\n\t\t\t\t<\/div>\r\n\t\t\t<\/div>\r\n\t\t<\/div>\r\n\t\t\t\t<div class=\"col-xl-4 col-lg-4 col-md-6 col-sm-12 col-12\">\r\n\t\t\t<div class=\"service-item rt-animate wow fadeInUp\" data-wow-delay=\"1s\" data-wow-duration=\"0.8s\">\r\n\t\t\t\t<div class=\"service-box-content\">\r\n\t\t\t\t\t<div class=\"service-figure\" >\r\n                        <img loading=\"lazy\" decoding=\"async\" width=\"465\" height=\"447\" src=\"https:\/\/k1bkm.com\/wp-content\/uploads\/2021\/10\/I-29-465x447.webp\" class=\"img-fluid  width-100 wp-post-image\" alt=\"\" srcset=\"https:\/\/k1bkm.com\/wp-content\/uploads\/2021\/10\/I-29-465x447.webp 465w, https:\/\/k1bkm.com\/wp-content\/uploads\/2021\/10\/I-29-155x150.webp 155w\" sizes=\"(max-width: 465px) 100vw, 465px\" \/>\t\t\t\t\t<\/div>\r\n                    <div class=\"service-content\">\r\n                                                                                                                    <div class=\"service-img-wrap\">\r\n                                                                            <div class=\"service-hover-img\">\r\n                                        <span><img loading=\"lazy\" decoding=\"async\" width=\"78\" height=\"101\" src=\"https:\/\/k1bkm.com\/wp-content\/uploads\/2021\/10\/Mapa-de-bits-6.png\" class=\"attachment-thumbnail size-thumbnail\" alt=\"\" \/><\/span>\r\n                                        <\/div>\r\n                                    \t\r\n                                <\/div>\r\n                                                                                                            <div class=\"service-info\">\r\n                            <h3 class=\"service-title\"><a href=\"https:\/\/k1bkm.com\/es\/service\/training\/\" target=\"_blank\">Formaci\u00f3n<\/a><\/h3>\r\n                                                            <p>TRAINING Curso B\u00e1sico Quickbooks en Espa\u00f1ol En esta capacitaci\u00f3n<\/p>\r\n                                                                                            <a class=\"btn-style7\" href=\"https:\/\/k1bkm.com\/es\/service\/training\/\" target=\"_blank\">READ MORE                                        <svg xmlns=\"http:\/\/www.w3.org\/2000\/svg\" width=\"24px\" height=\"24px\" viewbox=\"0 0 24 24\">\r\n\t\t<path fill=\"#FA360A\" d=\"M11.998 23.997c-6.617 0-11.999-5.383-11.999-11.999 0-6.616 5.382-11.999 11.999-11.999 6.616 0 11.999 5.383 11.999 11.999 0 6.616-5.383 11.999-11.999 11.999Zm0-21.816c-5.414 0-9.818 4.404-9.818 9.817 0 5.414 4.404 9.817 9.818 9.817 5.413 0 9.817-4.403 9.817-9.817 0-5.413-4.404-9.817-9.817-9.817Zm5.37 10.234a1.11 1.11 0 0 1-.237.355l-4.362 4.362c-.213.214-.492.32-.771.32a1.09 1.09 0 0 1-.772-1.862l2.502-2.501H7.634a1.092 1.092 0 0 1 0-2.182h6.094l-2.502-2.501a1.091 1.091 0 0 1 1.543-1.543l4.362 4.363a1.095 1.095 0 0 1 .237 1.189Z\" \/>\r\n\t\t<\/svg>                                    <\/a>\r\n                                                    <\/div>\r\n\t\t\t\t\t<\/div>\r\n\t\t\t\t<\/div>\r\n\t\t\t<\/div>\r\n\t\t<\/div>\r\n\t\t\t\t<div class=\"col-xl-4 col-lg-4 col-md-6 col-sm-12 col-12\">\r\n\t\t\t<div class=\"service-item rt-animate wow fadeInUp\" data-wow-delay=\"1.2s\" data-wow-duration=\"0.8s\">\r\n\t\t\t\t<div class=\"service-box-content\">\r\n\t\t\t\t\t<div class=\"service-figure\" >\r\n                        <img loading=\"lazy\" decoding=\"async\" width=\"570\" height=\"447\" src=\"https:\/\/k1bkm.com\/wp-content\/uploads\/2023\/02\/calendarwebp-570x447.webp\" class=\"img-fluid  width-100 wp-post-image\" alt=\"\" \/>\t\t\t\t\t<\/div>\r\n                    <div class=\"service-content\">\r\n                                                                                                                    <div class=\"service-img-wrap\">\r\n                                                                            <div class=\"service-hover-img\">\r\n                                        <span><img loading=\"lazy\" decoding=\"async\" width=\"80\" height=\"82\" src=\"https:\/\/k1bkm.com\/wp-content\/uploads\/2020\/01\/Market-Research.svg\" class=\"attachment-thumbnail size-thumbnail\" alt=\"\" \/><\/span>\r\n                                        <\/div>\r\n                                    \t\r\n                                <\/div>\r\n                                                                                                            <div class=\"service-info\">\r\n                            <h3 class=\"service-title\"><a href=\"https:\/\/k1bkm.com\/es\/service\/other-services\/\" target=\"_blank\">Otros servicios...<\/a><\/h3>\r\n                                                            <p>\u00a1Para futuros servicios para usted!<\/p>\r\n                                                                                            <a class=\"btn-style7\" href=\"https:\/\/k1bkm.com\/es\/service\/other-services\/\" target=\"_blank\">READ MORE                                        <svg xmlns=\"http:\/\/www.w3.org\/2000\/svg\" width=\"24px\" height=\"24px\" viewbox=\"0 0 24 24\">\r\n\t\t<path fill=\"#FA360A\" d=\"M11.998 23.997c-6.617 0-11.999-5.383-11.999-11.999 0-6.616 5.382-11.999 11.999-11.999 6.616 0 11.999 5.383 11.999 11.999 0 6.616-5.383 11.999-11.999 11.999Zm0-21.816c-5.414 0-9.818 4.404-9.818 9.817 0 5.414 4.404 9.817 9.818 9.817 5.413 0 9.817-4.403 9.817-9.817 0-5.413-4.404-9.817-9.817-9.817Zm5.37 10.234a1.11 1.11 0 0 1-.237.355l-4.362 4.362c-.213.214-.492.32-.771.32a1.09 1.09 0 0 1-.772-1.862l2.502-2.501H7.634a1.092 1.092 0 0 1 0-2.182h6.094l-2.502-2.501a1.091 1.091 0 0 1 1.543-1.543l4.362 4.363a1.095 1.095 0 0 1 .237 1.189Z\" \/>\r\n\t\t<\/svg>                                    <\/a>\r\n                                                    <\/div>\r\n\t\t\t\t\t<\/div>\r\n\t\t\t\t<\/div>\r\n\t\t\t<\/div>\r\n\t\t<\/div>\r\n\t\t\t\t<\/div>\r\n\t\t\r\n\t\t<\/div>\t\t\t\t<\/div>\n\t\t\t\t<\/div>\n\t\t\t\t\t<\/div>\n\t\t<\/div>\n\t\t\t\t\t<\/div>\n\t\t<\/section>\n\t\t\t\t\t<\/div>\n\t\t<\/div>\n\t\t\t\t\t<\/div>\n\t\t<\/section>\n\t\t\t\t<\/div>","protected":false},"excerpt":{"rendered":"<p>What We Do What Services we Provide for Our Customers Business Offer outstanding virtual bookkeeping services to entrepreneurs and small businesses across the US. And making sure her services are affordable is also a key component when working with other small business owners. Personal And Business Investment Planning Working with thousands of business companies around [&hellip;]<\/p>\n","protected":false},"author":1,"featured_media":0,"parent":0,"menu_order":0,"comment_status":"closed","ping_status":"closed","template":"elementor_header_footer","meta":{"_seopress_robots_primary_cat":"","_seopress_titles_title":"","_seopress_titles_desc":"","_seopress_robots_index":"","footnotes":""},"class_list":["post-7545","page","type-page","status-publish","hentry"],"_links":{"self":[{"href":"https:\/\/k1bkm.com\/es\/wp-json\/wp\/v2\/pages\/7545","targetHints":{"allow":["GET"]}}],"collection":[{"href":"https:\/\/k1bkm.com\/es\/wp-json\/wp\/v2\/pages"}],"about":[{"href":"https:\/\/k1bkm.com\/es\/wp-json\/wp\/v2\/types\/page"}],"author":[{"embeddable":true,"href":"https:\/\/k1bkm.com\/es\/wp-json\/wp\/v2\/users\/1"}],"replies":[{"embeddable":true,"href":"https:\/\/k1bkm.com\/es\/wp-json\/wp\/v2\/comments?post=7545"}],"version-history":[{"count":9,"href":"https:\/\/k1bkm.com\/es\/wp-json\/wp\/v2\/pages\/7545\/revisions"}],"predecessor-version":[{"id":8240,"href":"https:\/\/k1bkm.com\/es\/wp-json\/wp\/v2\/pages\/7545\/revisions\/8240"}],"wp:attachment":[{"href":"https:\/\/k1bkm.com\/es\/wp-json\/wp\/v2\/media?parent=7545"}],"curies":[{"name":"wp","href":"https:\/\/api.w.org\/{rel}","templated":true}]}}