{"id":4811,"date":"2021-11-19T06:01:31","date_gmt":"2021-11-19T06:01:31","guid":{"rendered":"https:\/\/k1bkm.com\/?page_id=4811"},"modified":"2023-03-19T08:05:44","modified_gmt":"2023-03-19T13:05:44","slug":"portal","status":"publish","type":"page","link":"https:\/\/k1bkm.com\/es\/portal\/","title":{"rendered":"Portal"},"content":{"rendered":"<div data-elementor-type=\"wp-page\" data-elementor-id=\"4811\" class=\"elementor elementor-4811\" data-elementor-post-type=\"page\">\n\t\t\t\t\t\t<section class=\"elementor-section elementor-top-section elementor-element elementor-element-f03df9b elementor-section-boxed elementor-section-height-default elementor-section-height-default rt-parallax-bg-no\" data-id=\"f03df9b\" data-element_type=\"section\" data-e-type=\"section\" data-settings=\"{&quot;background_background&quot;:&quot;classic&quot;,&quot;animation&quot;:&quot;none&quot;}\">\n\t\t\t\t\t\t<div class=\"elementor-container elementor-column-gap-default\">\n\t\t\t\t\t<div class=\"elementor-column elementor-col-100 elementor-top-column elementor-element elementor-element-5436b5e\" data-id=\"5436b5e\" data-element_type=\"column\" data-e-type=\"column\">\n\t\t\t<div class=\"elementor-widget-wrap elementor-element-populated\">\n\t\t\t\t\t\t<section class=\"elementor-section elementor-inner-section elementor-element elementor-element-f4275af elementor-section-boxed elementor-section-height-default elementor-section-height-default rt-parallax-bg-no\" data-id=\"f4275af\" data-element_type=\"section\" data-e-type=\"section\">\n\t\t\t\t\t\t<div class=\"elementor-container elementor-column-gap-default\">\n\t\t\t\t\t<div class=\"elementor-column elementor-col-50 elementor-inner-column elementor-element elementor-element-5074c6e\" data-id=\"5074c6e\" data-element_type=\"column\" data-e-type=\"column\">\n\t\t\t<div class=\"elementor-widget-wrap elementor-element-populated\">\n\t\t\t\t\t\t<div class=\"elementor-element elementor-element-4c94d51 elementor-widget elementor-widget-heading\" data-id=\"4c94d51\" data-element_type=\"widget\" data-e-type=\"widget\" data-widget_type=\"heading.default\">\n\t\t\t\t<div class=\"elementor-widget-container\">\n\t\t\t\t\t<h2 class=\"elementor-heading-title elementor-size-default\">Portal del cliente<\/h2>\t\t\t\t<\/div>\n\t\t\t\t<\/div>\n\t\t\t\t<div class=\"elementor-element elementor-element-07a506d elementor-widget elementor-widget-text-editor\" data-id=\"07a506d\" data-element_type=\"widget\" data-e-type=\"widget\" data-widget_type=\"text-editor.default\">\n\t\t\t\t<div class=\"elementor-widget-container\">\n\t\t\t\t\t\t\t\t\tHaga clic en el bot\u00f3n de abajo para acceder a nuestro portal seguro para clientes.\nsi a\u00fan no lo ha hecho y si ya ha creado un nombre de usuario, \u00a1Genial! Esto nos permitir\u00e1\nnos permitir\u00e1 gestionar sus procesos eficazmente, aqu\u00ed podr\u00e1 comunicarse con nosotros,\nprogramar una cita, enviarnos documentos, realizar un pago, firmar documentos y\nmucho m\u00e1s. P\u00f3ngase en contacto con nuestra oficina si tiene alg\u00fan problema para acceder a su portal.\t\t\t\t\t\t\t\t<\/div>\n\t\t\t\t<\/div>\n\t\t\t\t<div class=\"elementor-element elementor-element-8a6da86 portal-button-link btn-style8 elementor-widget elementor-widget-text-editor\" data-id=\"8a6da86\" data-element_type=\"widget\" data-e-type=\"widget\" data-widget_type=\"text-editor.default\">\n\t\t\t\t<div class=\"elementor-widget-container\">\n\t\t\t\t\t\t\t\t\t<a href=\"https:\/\/k1bookkeepingmultiservicesllc.taxdome.com\/login\">Inicio de sesi\u00f3n en el portal\n<svg xmlns=\"http:\/\/www.w3.org\/2000\/svg\" width=\"24px\" height=\"24px\" viewbox=\"0 0 24 24\">\n<path fill=\"rgb(250, 54, 10)\" d=\"M11.998,23.997 C5.381,23.997 -0.001,18.614 -0.001,11.998 C-0.001,5.382 5.381,-0.001 11.998,-0.001 C18.614,-0.001 23.997,5.382 23.997,11.998 C23.997,18.614 18.614,23.997 11.998,23.997 ZM11.998,2.181 C6.584,2.181 2.180,6.585 2.180,11.998 C2.180,17.412 6.584,21.815 11.998,21.815 C17.411,21.815 21.815,17.412 21.815,11.998 C21.815,6.585 17.411,2.181 11.998,2.181 ZM17.368,12.415 C17.312,12.548 17.232,12.669 17.131,12.770 L12.769,17.132 C12.556,17.346 12.277,17.452 11.998,17.452 C11.718,17.452 11.439,17.346 11.226,17.132 C10.800,16.706 10.800,16.016 11.226,15.590 L13.728,13.089 L7.634,13.089 C7.032,13.089 6.543,12.600 6.543,11.998 C6.543,11.396 7.032,10.907 7.634,10.907 L13.728,10.907 L11.226,8.406 C10.800,7.980 10.800,7.289 11.226,6.863 C11.652,6.437 12.343,6.437 12.769,6.863 L17.131,11.226 C17.232,11.327 17.312,11.447 17.368,11.581 C17.478,11.848 17.478,12.148 17.368,12.415 Z\"><\/path>\n<\/svg>\n<\/a>\t\t\t\t\t\t\t\t<\/div>\n\t\t\t\t<\/div>\n\t\t\t\t\t<\/div>\n\t\t<\/div>\n\t\t\t\t<div class=\"elementor-column elementor-col-50 elementor-inner-column elementor-element elementor-element-f062ce4\" data-id=\"f062ce4\" data-element_type=\"column\" data-e-type=\"column\">\n\t\t\t<div class=\"elementor-widget-wrap elementor-element-populated\">\n\t\t\t\t\t\t<div class=\"elementor-element elementor-element-aab5ea2 elementor-widget elementor-widget-heading\" data-id=\"aab5ea2\" data-element_type=\"widget\" data-e-type=\"widget\" data-widget_type=\"heading.default\">\n\t\t\t\t<div class=\"elementor-widget-container\">\n\t\t\t\t\t<h2 class=\"elementor-heading-title elementor-size-default\">Cuenta en l\u00ednea<\/h2>\t\t\t\t<\/div>\n\t\t\t\t<\/div>\n\t\t\t\t<div class=\"elementor-element elementor-element-979f3bb elementor-widget elementor-widget-text-editor\" data-id=\"979f3bb\" data-element_type=\"widget\" data-e-type=\"widget\" data-widget_type=\"text-editor.default\">\n\t\t\t\t<div class=\"elementor-widget-container\">\n\t\t\t\t\t\t\t\t\tHaga clic en el bot\u00f3n de abajo para acceder a la informaci\u00f3n de su cuenta individual, incluido el saldo, los pagos, los registros fiscales y mucho m\u00e1s. Usted ser\u00e1 dirigido a IRS. P\u00f3ngase en contacto con nuestra oficina si tiene alg\u00fan problema para acceder al portal.\n<\/br>\n<\/br>\n<\/br>\n<\/br>\t\t\t\t\t\t\t\t<\/div>\n\t\t\t\t<\/div>\n\t\t\t\t<div class=\"elementor-element elementor-element-f992e2d portal-button-link btn-style8 elementor-widget elementor-widget-text-editor\" data-id=\"f992e2d\" data-element_type=\"widget\" data-e-type=\"widget\" data-widget_type=\"text-editor.default\">\n\t\t\t\t<div class=\"elementor-widget-container\">\n\t\t\t\t\t\t\t\t\t<a href=\"https:\/\/www.irs.gov\/payments\/your-online-account\">Cuenta en l\u00ednea<svg xmlns=\"http:\/\/www.w3.org\/2000\/svg\" width=\"24px\" height=\"24px\" viewbox=\"0 0 24 24\">\n<path fill=\"rgb(250, 54, 10)\" d=\"M11.998,23.997 C5.381,23.997 -0.001,18.614 -0.001,11.998 C-0.001,5.382 5.381,-0.001 11.998,-0.001 C18.614,-0.001 23.997,5.382 23.997,11.998 C23.997,18.614 18.614,23.997 11.998,23.997 ZM11.998,2.181 C6.584,2.181 2.180,6.585 2.180,11.998 C2.180,17.412 6.584,21.815 11.998,21.815 C17.411,21.815 21.815,17.412 21.815,11.998 C21.815,6.585 17.411,2.181 11.998,2.181 ZM17.368,12.415 C17.312,12.548 17.232,12.669 17.131,12.770 L12.769,17.132 C12.556,17.346 12.277,17.452 11.998,17.452 C11.718,17.452 11.439,17.346 11.226,17.132 C10.800,16.706 10.800,16.016 11.226,15.590 L13.728,13.089 L7.634,13.089 C7.032,13.089 6.543,12.600 6.543,11.998 C6.543,11.396 7.032,10.907 7.634,10.907 L13.728,10.907 L11.226,8.406 C10.800,7.980 10.800,7.289 11.226,6.863 C11.652,6.437 12.343,6.437 12.769,6.863 L17.131,11.226 C17.232,11.327 17.312,11.447 17.368,11.581 C17.478,11.848 17.478,12.148 17.368,12.415 Z\"><\/path>\n<\/svg>\n<\/a>\t\t\t\t\t\t\t\t<\/div>\n\t\t\t\t<\/div>\n\t\t\t\t\t<\/div>\n\t\t<\/div>\n\t\t\t\t\t<\/div>\n\t\t<\/section>\n\t\t\t\t<div class=\"elementor-element elementor-element-1ef22cb elementor-widget elementor-widget-spacer\" data-id=\"1ef22cb\" data-element_type=\"widget\" data-e-type=\"widget\" data-widget_type=\"spacer.default\">\n\t\t\t\t<div class=\"elementor-widget-container\">\n\t\t\t\t\t\t\t<div class=\"elementor-spacer\">\n\t\t\t<div class=\"elementor-spacer-inner\"><\/div>\n\t\t<\/div>\n\t\t\t\t\t\t<\/div>\n\t\t\t\t<\/div>\n\t\t\t\t<section class=\"elementor-section elementor-inner-section elementor-element elementor-element-c52c0d0 elementor-section-boxed elementor-section-height-default elementor-section-height-default rt-parallax-bg-no\" data-id=\"c52c0d0\" data-element_type=\"section\" data-e-type=\"section\">\n\t\t\t\t\t\t<div class=\"elementor-container elementor-column-gap-default\">\n\t\t\t\t\t<div class=\"elementor-column elementor-col-50 elementor-inner-column elementor-element elementor-element-d9fcd23\" data-id=\"d9fcd23\" data-element_type=\"column\" data-e-type=\"column\">\n\t\t\t<div class=\"elementor-widget-wrap elementor-element-populated\">\n\t\t\t\t\t\t<div class=\"elementor-element elementor-element-532812e elementor-widget elementor-widget-heading\" data-id=\"532812e\" data-element_type=\"widget\" data-e-type=\"widget\" data-widget_type=\"heading.default\">\n\t\t\t\t<div class=\"elementor-widget-container\">\n\t\t\t\t\t<h2 class=\"elementor-heading-title elementor-size-default\">Cuenta USCIS<\/h2>\t\t\t\t<\/div>\n\t\t\t\t<\/div>\n\t\t\t\t<div class=\"elementor-element elementor-element-8ba43c0 elementor-widget elementor-widget-text-editor\" data-id=\"8ba43c0\" data-element_type=\"widget\" data-e-type=\"widget\" data-widget_type=\"text-editor.default\">\n\t\t\t\t<div class=\"elementor-widget-container\">\n\t\t\t\t\t\t\t\t\t<p>Haga clic en el bot\u00f3n de abajo para acceder al portal de USCIS para todas sus necesidades de USCIS. Usted ser\u00e1 dirigido a USCIS. P\u00f3ngase en contacto con nuestra oficina si tiene alg\u00fan problema para acceder al portal.<\/p>\t\t\t\t\t\t\t\t<\/div>\n\t\t\t\t<\/div>\n\t\t\t\t<div class=\"elementor-element elementor-element-994bee8 portal-button-link btn-style8 elementor-widget elementor-widget-text-editor\" data-id=\"994bee8\" data-element_type=\"widget\" data-e-type=\"widget\" data-widget_type=\"text-editor.default\">\n\t\t\t\t<div class=\"elementor-widget-container\">\n\t\t\t\t\t\t\t\t\t<a href=\"https:\/\/myaccount.uscis.gov\/\">Cuenta USCIS\n<svg xmlns=\"http:\/\/www.w3.org\/2000\/svg\" width=\"24px\" height=\"24px\" viewbox=\"0 0 24 24\">\n<path fill=\"rgb(250, 54, 10)\" d=\"M11.998,23.997 C5.381,23.997 -0.001,18.614 -0.001,11.998 C-0.001,5.382 5.381,-0.001 11.998,-0.001 C18.614,-0.001 23.997,5.382 23.997,11.998 C23.997,18.614 18.614,23.997 11.998,23.997 ZM11.998,2.181 C6.584,2.181 2.180,6.585 2.180,11.998 C2.180,17.412 6.584,21.815 11.998,21.815 C17.411,21.815 21.815,17.412 21.815,11.998 C21.815,6.585 17.411,2.181 11.998,2.181 ZM17.368,12.415 C17.312,12.548 17.232,12.669 17.131,12.770 L12.769,17.132 C12.556,17.346 12.277,17.452 11.998,17.452 C11.718,17.452 11.439,17.346 11.226,17.132 C10.800,16.706 10.800,16.016 11.226,15.590 L13.728,13.089 L7.634,13.089 C7.032,13.089 6.543,12.600 6.543,11.998 C6.543,11.396 7.032,10.907 7.634,10.907 L13.728,10.907 L11.226,8.406 C10.800,7.980 10.800,7.289 11.226,6.863 C11.652,6.437 12.343,6.437 12.769,6.863 L17.131,11.226 C17.232,11.327 17.312,11.447 17.368,11.581 C17.478,11.848 17.478,12.148 17.368,12.415 Z\"><\/path>\n<\/svg>\n<\/a>\t\t\t\t\t\t\t\t<\/div>\n\t\t\t\t<\/div>\n\t\t\t\t\t<\/div>\n\t\t<\/div>\n\t\t\t\t<div class=\"elementor-column elementor-col-50 elementor-inner-column elementor-element elementor-element-7aa016e\" data-id=\"7aa016e\" data-element_type=\"column\" data-e-type=\"column\">\n\t\t\t<div class=\"elementor-widget-wrap\">\n\t\t\t\t\t\t\t<\/div>\n\t\t<\/div>\n\t\t\t\t\t<\/div>\n\t\t<\/section>\n\t\t\t\t\t<\/div>\n\t\t<\/div>\n\t\t\t\t\t<\/div>\n\t\t<\/section>\n\t\t\t\t<\/div>","protected":false},"excerpt":{"rendered":"<p>Client Portal Click the button below to access our secure customer portal, we invite you to register if you have not already done so and if you have already created a login, Great! This will allow us to manage your processes effectively, here you can communicate with us, schedule an appointment, send us documents, make [&hellip;]<\/p>\n","protected":false},"author":1,"featured_media":0,"parent":0,"menu_order":0,"comment_status":"closed","ping_status":"closed","template":"elementor_header_footer","meta":{"_seopress_robots_primary_cat":"","_seopress_titles_title":"","_seopress_titles_desc":"","_seopress_robots_index":"","footnotes":""},"class_list":["post-4811","page","type-page","status-publish","hentry"],"_links":{"self":[{"href":"https:\/\/k1bkm.com\/es\/wp-json\/wp\/v2\/pages\/4811","targetHints":{"allow":["GET"]}}],"collection":[{"href":"https:\/\/k1bkm.com\/es\/wp-json\/wp\/v2\/pages"}],"about":[{"href":"https:\/\/k1bkm.com\/es\/wp-json\/wp\/v2\/types\/page"}],"author":[{"embeddable":true,"href":"https:\/\/k1bkm.com\/es\/wp-json\/wp\/v2\/users\/1"}],"replies":[{"embeddable":true,"href":"https:\/\/k1bkm.com\/es\/wp-json\/wp\/v2\/comments?post=4811"}],"version-history":[{"count":56,"href":"https:\/\/k1bkm.com\/es\/wp-json\/wp\/v2\/pages\/4811\/revisions"}],"predecessor-version":[{"id":8539,"href":"https:\/\/k1bkm.com\/es\/wp-json\/wp\/v2\/pages\/4811\/revisions\/8539"}],"wp:attachment":[{"href":"https:\/\/k1bkm.com\/es\/wp-json\/wp\/v2\/media?parent=4811"}],"curies":[{"name":"wp","href":"https:\/\/api.w.org\/{rel}","templated":true}]}}